{"id":54,"date":"2025-06-19T17:05:28","date_gmt":"2025-06-19T15:05:28","guid":{"rendered":"https:\/\/radiomemorias.cl\/?page_id=54"},"modified":"2025-08-22T17:53:47","modified_gmt":"2025-08-22T15:53:47","slug":"quienes-somos","status":"publish","type":"page","link":"https:\/\/radiomemorias.cl\/?page_id=54","title":{"rendered":"Quienes somos"},"content":{"rendered":"\n<p class=\"has-ast-global-color-1-color has-text-color has-link-color wp-elements-c07a789143fa596b78059f0a7e20aaeb\">Quienes somos<\/p>\n\n\n\n<p>Un grupo de troperos que a trav\u00e9s de la m\u00fasica y la conversa queremos ser parte de tu d\u00eda a d\u00eda.<\/p>\n\n\n\n<p class=\"has-ast-global-color-1-color has-text-color has-link-color wp-elements-70bce26b9b42aa471c87d5e067e80af9\">Equipo<\/p>\n\n\n\n<ul class=\"wp-block-list\">\n<li>Lidia<\/li>\n\n\n\n<li>Loreto<\/li>\n\n\n\n<li>Angie <\/li>\n\n\n\n<li>Marco<\/li>\n\n\n\n<li>Fernando <\/li>\n\n\n\n<li>Carlos M.<\/li>\n\n\n\n<li>Angel S.<\/li>\n\n\n\n<li>Carlos C.<\/li>\n\n\n\n<li>V\u00edctor A.<\/li>\n\n\n\n<li>Vicente G.<\/li>\n\n\n\n<li>Diego L.<\/li>\n<\/ul>\n","protected":false},"excerpt":{"rendered":"<p>Quienes somos Un grupo de troperos que a trav\u00e9s de la m\u00fasica y la conversa queremos ser parte de tu [&hellip;]<\/p>\n","protected":false},"author":1,"featured_media":0,"parent":0,"menu_order":0,"comment_status":"closed","ping_status":"closed","template":"","meta":{"site-sidebar-layout":"default","site-content-layout":"","ast-site-content-layout":"default","site-content-style":"default","site-sidebar-style":"default","ast-global-header-display":"","ast-banner-title-visibility":"","ast-main-header-display":"","ast-hfb-above-header-display":"","ast-hfb-below-header-display":"","ast-hfb-mobile-header-display":"","site-post-title":"disabled","ast-breadcrumbs-content":"","ast-featured-img":"","footer-sml-layout":"","ast-disable-related-posts":"","theme-transparent-header-meta":"","adv-header-id-meta":"","stick-header-meta":"","header-above-stick-meta":"","header-main-stick-meta":"","header-below-stick-meta":"","astra-migrate-meta-layouts":"default","ast-page-background-enabled":"default","ast-page-background-meta":{"desktop":{"background-color":"var(--ast-global-color-5)","background-image":"","background-repeat":"repeat","background-position":"center center","background-size":"auto","background-attachment":"scroll","background-type":"","background-media":"","overlay-type":"","overlay-color":"","overlay-opacity":"","overlay-gradient":""},"tablet":{"background-color":"","background-image":"","background-repeat":"repeat","background-position":"center center","background-size":"auto","background-attachment":"scroll","background-type":"","background-media":"","overlay-type":"","overlay-color":"","overlay-opacity":"","overlay-gradient":""},"mobile":{"background-color":"","background-image":"","background-repeat":"repeat","background-position":"center center","background-size":"auto","background-attachment":"scroll","background-type":"","background-media":"","overlay-type":"","overlay-color":"","overlay-opacity":"","overlay-gradient":""}},"ast-content-background-meta":{"desktop":{"background-color":"var(--ast-global-color-4)","background-image":"","background-repeat":"repeat","background-position":"center center","background-size":"auto","background-attachment":"scroll","background-type":"","background-media":"","overlay-type":"","overlay-color":"","overlay-opacity":"","overlay-gradient":""},"tablet":{"background-color":"var(--ast-global-color-4)","background-image":"","background-repeat":"repeat","background-position":"center center","background-size":"auto","background-attachment":"scroll","background-type":"","background-media":"","overlay-type":"","overlay-color":"","overlay-opacity":"","overlay-gradient":""},"mobile":{"background-color":"var(--ast-global-color-4)","background-image":"","background-repeat":"repeat","background-position":"center center","background-size":"auto","background-attachment":"scroll","background-type":"","background-media":"","overlay-type":"","overlay-color":"","overlay-opacity":"","overlay-gradient":""}},"footnotes":""},"class_list":["post-54","page","type-page","status-publish","hentry"],"_links":{"self":[{"href":"https:\/\/radiomemorias.cl\/index.php?rest_route=\/wp\/v2\/pages\/54","targetHints":{"allow":["GET"]}}],"collection":[{"href":"https:\/\/radiomemorias.cl\/index.php?rest_route=\/wp\/v2\/pages"}],"about":[{"href":"https:\/\/radiomemorias.cl\/index.php?rest_route=\/wp\/v2\/types\/page"}],"author":[{"embeddable":true,"href":"https:\/\/radiomemorias.cl\/index.php?rest_route=\/wp\/v2\/users\/1"}],"replies":[{"embeddable":true,"href":"https:\/\/radiomemorias.cl\/index.php?rest_route=%2Fwp%2Fv2%2Fcomments&post=54"}],"version-history":[{"count":6,"href":"https:\/\/radiomemorias.cl\/index.php?rest_route=\/wp\/v2\/pages\/54\/revisions"}],"predecessor-version":[{"id":108,"href":"https:\/\/radiomemorias.cl\/index.php?rest_route=\/wp\/v2\/pages\/54\/revisions\/108"}],"wp:attachment":[{"href":"https:\/\/radiomemorias.cl\/index.php?rest_route=%2Fwp%2Fv2%2Fmedia&parent=54"}],"curies":[{"name":"wp","href":"https:\/\/api.w.org\/{rel}","templated":true}]}}