{"id":52,"date":"2025-06-19T17:05:08","date_gmt":"2025-06-19T15:05:08","guid":{"rendered":"https:\/\/radiomemorias.cl\/?page_id=52"},"modified":"2025-08-08T19:30:53","modified_gmt":"2025-08-08T17:30:53","slug":"linea-editorial","status":"publish","type":"page","link":"https:\/\/radiomemorias.cl\/?page_id=52","title":{"rendered":"L\u00ednea editorial"},"content":{"rendered":"\n<p class=\"has-ast-global-color-1-color has-text-color has-link-color wp-elements-0a266096366aa241f65512a90ccb8bee\">L\u00ednea Editorial<\/p>\n\n\n\n<p>Radio Memorias, espacio on-line de la Tropa C\u00f3smica chilena donde la banda sonora de tu vida se une con las palabras para contar historias de encuentros y amistad en el \u00e9ter.<br>Dar a conocer la trova, el folclore y las diversas expresiones musicales con sentido po\u00e9tico, social, existencial y r\u00edtmico es lo que nos mueve para abrir los micr\u00f3fonos a todas las audiencias.<\/p>\n\n\n\n<p class=\"has-ast-global-color-1-color has-text-color has-link-color wp-elements-1e17ac909cda3bdcdd3f3043993cbbc9\">Visi\u00f3n<\/p>\n\n\n\n<p>Radio Memorias pretende ser un nuevo espacio de encuentro on-line al rescate de nuestra identidad, que a trav\u00e9s de la conversaci\u00f3n, nutra el alma, entretenga, informe y abra nuevos horizontes a trovadores y compositores emergentes, al mismo tiempo que traer desde el recuerdo a aquellos cantantes que alguna vez cruzaron nuestras historias de vida.<br><\/p>\n\n\n\n<p class=\"has-ast-global-color-1-color has-text-color has-link-color wp-elements-3cc41b00b012c3b54b3b1a22aa02d8d5\">Misi\u00f3n<\/p>\n\n\n\n<p>A mediano plazo ser un referente de radio on-line donde adem\u00e1s de la Tropa C\u00f3smica, otras audiencias encuentren compa\u00f1\u00eda, informaci\u00f3n y buena m\u00fasica en un ambiente cercano y fraterno.<br><\/p>\n\n\n\n<p><\/p>\n","protected":false},"excerpt":{"rendered":"<p>L\u00ednea Editorial Radio Memorias, espacio on-line de la Tropa C\u00f3smica chilena donde la banda sonora de tu vida se une [&hellip;]<\/p>\n","protected":false},"author":1,"featured_media":0,"parent":0,"menu_order":0,"comment_status":"closed","ping_status":"closed","template":"","meta":{"site-sidebar-layout":"default","site-content-layout":"","ast-site-content-layout":"default","site-content-style":"default","site-sidebar-style":"default","ast-global-header-display":"","ast-banner-title-visibility":"","ast-main-header-display":"","ast-hfb-above-header-display":"","ast-hfb-below-header-display":"","ast-hfb-mobile-header-display":"","site-post-title":"disabled","ast-breadcrumbs-content":"","ast-featured-img":"","footer-sml-layout":"","ast-disable-related-posts":"","theme-transparent-header-meta":"","adv-header-id-meta":"","stick-header-meta":"","header-above-stick-meta":"","header-main-stick-meta":"","header-below-stick-meta":"","astra-migrate-meta-layouts":"default","ast-page-background-enabled":"default","ast-page-background-meta":{"desktop":{"background-color":"var(--ast-global-color-5)","background-image":"","background-repeat":"repeat","background-position":"center center","background-size":"auto","background-attachment":"scroll","background-type":"","background-media":"","overlay-type":"","overlay-color":"","overlay-opacity":"","overlay-gradient":""},"tablet":{"background-color":"","background-image":"","background-repeat":"repeat","background-position":"center center","background-size":"auto","background-attachment":"scroll","background-type":"","background-media":"","overlay-type":"","overlay-color":"","overlay-opacity":"","overlay-gradient":""},"mobile":{"background-color":"","background-image":"","background-repeat":"repeat","background-position":"center center","background-size":"auto","background-attachment":"scroll","background-type":"","background-media":"","overlay-type":"","overlay-color":"","overlay-opacity":"","overlay-gradient":""}},"ast-content-background-meta":{"desktop":{"background-color":"var(--ast-global-color-4)","background-image":"","background-repeat":"repeat","background-position":"center center","background-size":"auto","background-attachment":"scroll","background-type":"","background-media":"","overlay-type":"","overlay-color":"","overlay-opacity":"","overlay-gradient":""},"tablet":{"background-color":"var(--ast-global-color-4)","background-image":"","background-repeat":"repeat","background-position":"center center","background-size":"auto","background-attachment":"scroll","background-type":"","background-media":"","overlay-type":"","overlay-color":"","overlay-opacity":"","overlay-gradient":""},"mobile":{"background-color":"var(--ast-global-color-4)","background-image":"","background-repeat":"repeat","background-position":"center center","background-size":"auto","background-attachment":"scroll","background-type":"","background-media":"","overlay-type":"","overlay-color":"","overlay-opacity":"","overlay-gradient":""}},"footnotes":""},"class_list":["post-52","page","type-page","status-publish","hentry"],"_links":{"self":[{"href":"https:\/\/radiomemorias.cl\/index.php?rest_route=\/wp\/v2\/pages\/52","targetHints":{"allow":["GET"]}}],"collection":[{"href":"https:\/\/radiomemorias.cl\/index.php?rest_route=\/wp\/v2\/pages"}],"about":[{"href":"https:\/\/radiomemorias.cl\/index.php?rest_route=\/wp\/v2\/types\/page"}],"author":[{"embeddable":true,"href":"https:\/\/radiomemorias.cl\/index.php?rest_route=\/wp\/v2\/users\/1"}],"replies":[{"embeddable":true,"href":"https:\/\/radiomemorias.cl\/index.php?rest_route=%2Fwp%2Fv2%2Fcomments&post=52"}],"version-history":[{"count":4,"href":"https:\/\/radiomemorias.cl\/index.php?rest_route=\/wp\/v2\/pages\/52\/revisions"}],"predecessor-version":[{"id":99,"href":"https:\/\/radiomemorias.cl\/index.php?rest_route=\/wp\/v2\/pages\/52\/revisions\/99"}],"wp:attachment":[{"href":"https:\/\/radiomemorias.cl\/index.php?rest_route=%2Fwp%2Fv2%2Fmedia&parent=52"}],"curies":[{"name":"wp","href":"https:\/\/api.w.org\/{rel}","templated":true}]}}